{"id":2977,"date":"2025-07-11T22:51:38","date_gmt":"2025-07-11T22:51:38","guid":{"rendered":"https:\/\/potenciareducacionsuperior.edu.ar\/nwp\/?page_id=2977"},"modified":"2026-02-19T12:18:28","modified_gmt":"2026-02-19T15:18:28","slug":"alianzas","status":"publish","type":"page","link":"https:\/\/potenciareducacionsuperior.edu.ar\/nwp\/alianzas\/","title":{"rendered":"Alianzas"},"content":{"rendered":"\t\t<div data-elementor-type=\"wp-page\" data-elementor-id=\"2977\" class=\"elementor elementor-2977\">\n\t\t\t\t<div class=\"elementor-element elementor-element-dcfb448 e-flex e-con-boxed e-con e-parent\" data-id=\"dcfb448\" data-element_type=\"container\" data-e-type=\"container\" data-settings=\"{&quot;background_background&quot;:&quot;classic&quot;}\">\n\t\t\t\t\t<div class=\"e-con-inner\">\n\t\t<div class=\"elementor-element elementor-element-d21b7e0 e-flex e-con-boxed e-con e-child\" data-id=\"d21b7e0\" data-element_type=\"container\" data-e-type=\"container\">\n\t\t\t\t\t<div class=\"e-con-inner\">\n\t\t\t\t<div class=\"elementor-element elementor-element-e9fd9dc elementor-widget elementor-widget-heading\" data-id=\"e9fd9dc\" data-element_type=\"widget\" data-e-type=\"widget\" data-widget_type=\"heading.default\">\n\t\t\t\t<div class=\"elementor-widget-container\">\n\t\t\t\t\t<h2 class=\"elementor-heading-title elementor-size-default\">ALIANZAS INSTITUCIONALES<\/h2>\t\t\t\t<\/div>\n\t\t\t\t<\/div>\n\t\t\t\t\t<\/div>\n\t\t\t\t<\/div>\n\t\t\t\t\t<\/div>\n\t\t\t\t<\/div>\n\t\t<div class=\"elementor-element elementor-element-f356c5d e-flex e-con-boxed e-con e-parent\" data-id=\"f356c5d\" data-element_type=\"container\" data-e-type=\"container\" data-settings=\"{&quot;background_background&quot;:&quot;classic&quot;}\">\n\t\t\t\t\t<div class=\"e-con-inner\">\n\t\t\t\t<div class=\"elementor-element elementor-element-f19288e elementor-widget elementor-widget-text-editor\" data-id=\"f19288e\" data-element_type=\"widget\" data-e-type=\"widget\" data-widget_type=\"text-editor.default\">\n\t\t\t\t<div class=\"elementor-widget-container\">\n\t\t\t\t\t\t\t\t\t<p><strong>Potenciar Educaci\u00f3n Superior<\/strong> mantiene alianzas con reconocidas instituciones, gracias a las cu\u00e1les brinda una propuesta acad\u00e9mica de vanguardia:<\/p>\t\t\t\t\t\t\t\t<\/div>\n\t\t\t\t<\/div>\n\t\t\t\t\t<\/div>\n\t\t\t\t<\/div>\n\t\t<div class=\"elementor-element elementor-element-80de96f e-flex e-con-boxed e-con e-parent\" data-id=\"80de96f\" data-element_type=\"container\" data-e-type=\"container\">\n\t\t\t\t\t<div class=\"e-con-inner\">\n\t\t<div class=\"elementor-element elementor-element-8455b61 e-con-full e-flex e-con e-child\" data-id=\"8455b61\" data-element_type=\"container\" data-e-type=\"container\">\n\t\t\t\t<div class=\"elementor-element elementor-element-336a70d elementor-widget elementor-widget-image\" data-id=\"336a70d\" data-element_type=\"widget\" data-e-type=\"widget\" data-widget_type=\"image.default\">\n\t\t\t\t<div class=\"elementor-widget-container\">\n\t\t\t\t\t\t\t\t\t\t\t\t\t\t\t<img fetchpriority=\"high\" decoding=\"async\" width=\"760\" height=\"317\" src=\"https:\/\/potenciareducacionsuperior.edu.ar\/nwp\/wp-content\/uploads\/2025\/07\/ucalogo.jpg\" class=\"elementor-animation-shrink attachment-full size-full wp-image-2989\" alt=\"ucalogo\" srcset=\"https:\/\/potenciareducacionsuperior.edu.ar\/nwp\/wp-content\/uploads\/2025\/07\/ucalogo.jpg 760w, https:\/\/potenciareducacionsuperior.edu.ar\/nwp\/wp-content\/uploads\/2025\/07\/ucalogo-300x125.jpg 300w\" sizes=\"(max-width: 760px) 100vw, 760px\" title=\"Alianzas\">\t\t\t\t\t\t\t\t\t\t\t\t\t\t\t<\/div>\n\t\t\t\t<\/div>\n\t\t\t\t<\/div>\n\t\t<div class=\"elementor-element elementor-element-b5232b5 e-con-full e-flex e-con e-child\" data-id=\"b5232b5\" data-element_type=\"container\" data-e-type=\"container\">\n\t\t\t\t<div class=\"elementor-element elementor-element-94fd4fd elementor-widget elementor-widget-heading\" data-id=\"94fd4fd\" data-element_type=\"widget\" data-e-type=\"widget\" data-widget_type=\"heading.default\">\n\t\t\t\t<div class=\"elementor-widget-container\">\n\t\t\t\t\t<h3 class=\"elementor-heading-title elementor-size-default\">Escuela de Negocios UCA<\/h3>\t\t\t\t<\/div>\n\t\t\t\t<\/div>\n\t\t\t\t<div class=\"elementor-element elementor-element-9664725 elementor-widget elementor-widget-text-editor\" data-id=\"9664725\" data-element_type=\"widget\" data-e-type=\"widget\" data-widget_type=\"text-editor.default\">\n\t\t\t\t<div class=\"elementor-widget-container\">\n\t\t\t\t\t\t\t\t\t<p>Como parte importante de la Facultad de Ciencias Econ\u00f3micas de la Pontificia Universidad Cat\u00f3lica Argentina, la Escuela de Negocios interact\u00faa de manera activa con la comunidad ofreciendo Postgrados y Programas de Formaci\u00f3n Ejecutiva.<\/p>\t\t\t\t\t\t\t\t<\/div>\n\t\t\t\t<\/div>\n\t\t\t\t<\/div>\n\t\t\t\t\t<\/div>\n\t\t\t\t<\/div>\n\t\t<div class=\"elementor-element elementor-element-0a4eaff e-flex e-con-boxed e-con e-parent\" data-id=\"0a4eaff\" data-element_type=\"container\" data-e-type=\"container\">\n\t\t\t\t\t<div class=\"e-con-inner\">\n\t\t\t\t<div class=\"elementor-element elementor-element-99b264e elementor-widget-divider--view-line elementor-widget elementor-widget-divider\" data-id=\"99b264e\" data-element_type=\"widget\" data-e-type=\"widget\" data-widget_type=\"divider.default\">\n\t\t\t\t<div class=\"elementor-widget-container\">\n\t\t\t\t\t\t\t<div class=\"elementor-divider\">\n\t\t\t<span class=\"elementor-divider-separator\">\n\t\t\t\t\t\t<\/span>\n\t\t<\/div>\n\t\t\t\t\t\t<\/div>\n\t\t\t\t<\/div>\n\t\t\t\t\t<\/div>\n\t\t\t\t<\/div>\n\t\t<div class=\"elementor-element elementor-element-df6f0f3 e-flex e-con-boxed e-con e-parent\" data-id=\"df6f0f3\" data-element_type=\"container\" data-e-type=\"container\">\n\t\t\t\t\t<div class=\"e-con-inner\">\n\t\t<div class=\"elementor-element elementor-element-9b575fa e-con-full e-flex e-con e-child\" data-id=\"9b575fa\" data-element_type=\"container\" data-e-type=\"container\">\n\t\t\t\t<div class=\"elementor-element elementor-element-258ae0c elementor-widget elementor-widget-image\" data-id=\"258ae0c\" data-element_type=\"widget\" data-e-type=\"widget\" data-widget_type=\"image.default\">\n\t\t\t\t<div class=\"elementor-widget-container\">\n\t\t\t\t\t\t\t\t\t\t\t\t\t\t\t<img decoding=\"async\" width=\"210\" height=\"149\" src=\"https:\/\/potenciareducacionsuperior.edu.ar\/nwp\/wp-content\/uploads\/2025\/07\/IAS.png\" class=\"elementor-animation-shrink attachment-full size-full wp-image-2991\" alt=\"ias\" title=\"Alianzas\">\t\t\t\t\t\t\t\t\t\t\t\t\t\t\t<\/div>\n\t\t\t\t<\/div>\n\t\t\t\t<\/div>\n\t\t<div class=\"elementor-element elementor-element-f009469 e-con-full e-flex e-con e-child\" data-id=\"f009469\" data-element_type=\"container\" data-e-type=\"container\">\n\t\t\t\t<div class=\"elementor-element elementor-element-f283f84 elementor-widget elementor-widget-heading\" data-id=\"f283f84\" data-element_type=\"widget\" data-e-type=\"widget\" data-widget_type=\"heading.default\">\n\t\t\t\t<div class=\"elementor-widget-container\">\n\t\t\t\t\t<h3 class=\"elementor-heading-title elementor-size-default\">Instituto Argentino de Siderurgia<\/h3>\t\t\t\t<\/div>\n\t\t\t\t<\/div>\n\t\t\t\t<div class=\"elementor-element elementor-element-249f784 elementor-widget elementor-widget-text-editor\" data-id=\"249f784\" data-element_type=\"widget\" data-e-type=\"widget\" data-widget_type=\"text-editor.default\">\n\t\t\t\t<div class=\"elementor-widget-container\">\n\t\t\t\t\t\t\t\t\t<p>Trabajamos en alianza con el\u00a0\u00a0Instituto Argentino de Siderurgia ofreciendo distintas capacitaciones vinculadas con la industria sider\u00fargica.<\/p>\t\t\t\t\t\t\t\t<\/div>\n\t\t\t\t<\/div>\n\t\t\t\t<\/div>\n\t\t\t\t\t<\/div>\n\t\t\t\t<\/div>\n\t\t<div class=\"elementor-element elementor-element-556b78a e-flex e-con-boxed e-con e-parent\" data-id=\"556b78a\" data-element_type=\"container\" data-e-type=\"container\">\n\t\t\t\t\t<div class=\"e-con-inner\">\n\t\t\t\t<div class=\"elementor-element elementor-element-afffe99 elementor-widget-divider--view-line elementor-widget elementor-widget-divider\" data-id=\"afffe99\" data-element_type=\"widget\" data-e-type=\"widget\" data-widget_type=\"divider.default\">\n\t\t\t\t<div class=\"elementor-widget-container\">\n\t\t\t\t\t\t\t<div class=\"elementor-divider\">\n\t\t\t<span class=\"elementor-divider-separator\">\n\t\t\t\t\t\t<\/span>\n\t\t<\/div>\n\t\t\t\t\t\t<\/div>\n\t\t\t\t<\/div>\n\t\t\t\t\t<\/div>\n\t\t\t\t<\/div>\n\t\t<div class=\"elementor-element elementor-element-a4883a4 e-flex e-con-boxed e-con e-parent\" data-id=\"a4883a4\" data-element_type=\"container\" data-e-type=\"container\">\n\t\t\t\t\t<div class=\"e-con-inner\">\n\t\t<div class=\"elementor-element elementor-element-e4b3964 e-con-full e-flex e-con e-child\" data-id=\"e4b3964\" data-element_type=\"container\" data-e-type=\"container\">\n\t\t\t\t<div class=\"elementor-element elementor-element-f66ec36 elementor-widget elementor-widget-image\" data-id=\"f66ec36\" data-element_type=\"widget\" data-e-type=\"widget\" data-widget_type=\"image.default\">\n\t\t\t\t<div class=\"elementor-widget-container\">\n\t\t\t\t\t\t\t\t\t\t\t\t\t\t\t<img decoding=\"async\" width=\"600\" height=\"218\" src=\"https:\/\/potenciareducacionsuperior.edu.ar\/nwp\/wp-content\/uploads\/2025\/07\/logo-sindicato-petroleo-gas.png\" class=\"elementor-animation-shrink attachment-full size-full wp-image-2990\" alt=\"logo sindicato petroleo gas\" srcset=\"https:\/\/potenciareducacionsuperior.edu.ar\/nwp\/wp-content\/uploads\/2025\/07\/logo-sindicato-petroleo-gas.png 600w, https:\/\/potenciareducacionsuperior.edu.ar\/nwp\/wp-content\/uploads\/2025\/07\/logo-sindicato-petroleo-gas-300x109.png 300w\" sizes=\"(max-width: 600px) 100vw, 600px\" title=\"Alianzas\">\t\t\t\t\t\t\t\t\t\t\t\t\t\t\t<\/div>\n\t\t\t\t<\/div>\n\t\t\t\t<\/div>\n\t\t<div class=\"elementor-element elementor-element-089b4a3 e-con-full e-flex e-con e-child\" data-id=\"089b4a3\" data-element_type=\"container\" data-e-type=\"container\">\n\t\t\t\t<div class=\"elementor-element elementor-element-d37b0e5 elementor-widget elementor-widget-heading\" data-id=\"d37b0e5\" data-element_type=\"widget\" data-e-type=\"widget\" data-widget_type=\"heading.default\">\n\t\t\t\t<div class=\"elementor-widget-container\">\n\t\t\t\t\t<h3 class=\"elementor-heading-title elementor-size-default\">Sindicato de Petroleros Privados de Neuqu\u00e9n, R\u00edo Negro y La Pampa<\/h3>\t\t\t\t<\/div>\n\t\t\t\t<\/div>\n\t\t\t\t<div class=\"elementor-element elementor-element-9e914c8 elementor-widget elementor-widget-text-editor\" data-id=\"9e914c8\" data-element_type=\"widget\" data-e-type=\"widget\" data-widget_type=\"text-editor.default\">\n\t\t\t\t<div class=\"elementor-widget-container\">\n\t\t\t\t\t\t\t\t\t<p>El 26 de junio del 2020 se concret\u00f3 la firma del convenio de colaboraci\u00f3n rec\u00edproca entre Fundaci\u00f3n Potenciar y el Sindicato de Petroleros Privados de Neuqu\u00e9n, R\u00edo Negro y La Pampa. A trav\u00e9s de este convenio marco se promueve la vinculaci\u00f3n de ambas instituciones en pos de colaborar para generar nuevas y diferentes actividades.<\/p>\t\t\t\t\t\t\t\t<\/div>\n\t\t\t\t<\/div>\n\t\t\t\t<\/div>\n\t\t\t\t\t<\/div>\n\t\t\t\t<\/div>\n\t\t<div class=\"elementor-element elementor-element-60a39ca e-flex e-con-boxed e-con e-parent\" data-id=\"60a39ca\" data-element_type=\"container\" data-e-type=\"container\">\n\t\t\t\t\t<div class=\"e-con-inner\">\n\t\t\t\t<div class=\"elementor-element elementor-element-f8931d9 elementor-widget elementor-widget-spacer\" data-id=\"f8931d9\" data-element_type=\"widget\" data-e-type=\"widget\" data-widget_type=\"spacer.default\">\n\t\t\t\t<div class=\"elementor-widget-container\">\n\t\t\t\t\t\t\t<div class=\"elementor-spacer\">\n\t\t\t<div class=\"elementor-spacer-inner\"><\/div>\n\t\t<\/div>\n\t\t\t\t\t\t<\/div>\n\t\t\t\t<\/div>\n\t\t\t\t\t<\/div>\n\t\t\t\t<\/div>\n\t\t\t\t<\/div>\n\t\t","protected":false},"excerpt":{"rendered":"<p>ALIANZAS INSTITUCIONALES Potenciar Educaci\u00f3n Superior mantiene alianzas con reconocidas instituciones, gracias a las cu\u00e1les brinda una propuesta acad\u00e9mica de vanguardia: Escuela de Negocios UCA Como parte importante de la Facultad de Ciencias Econ\u00f3micas de la Pontificia Universidad Cat\u00f3lica Argentina, la Escuela de Negocios interact\u00faa de manera activa con la comunidad ofreciendo Postgrados y Programas de [&hellip;]<\/p>\n","protected":false},"author":3,"featured_media":0,"parent":0,"menu_order":0,"comment_status":"closed","ping_status":"closed","template":"","meta":{"site-sidebar-layout":"no-sidebar","site-content-layout":"page-builder","ast-site-content-layout":"default","site-content-style":"default","site-sidebar-style":"default","ast-global-header-display":"","ast-banner-title-visibility":"","ast-main-header-display":"","ast-hfb-above-header-display":"","ast-hfb-below-header-display":"","ast-hfb-mobile-header-display":"","site-post-title":"disabled","ast-breadcrumbs-content":"","ast-featured-img":"disabled","footer-sml-layout":"","ast-disable-related-posts":"","theme-transparent-header-meta":"enabled","adv-header-id-meta":"","stick-header-meta":"","header-above-stick-meta":"","header-main-stick-meta":"","header-below-stick-meta":"","astra-migrate-meta-layouts":"default","ast-page-background-enabled":"default","ast-page-background-meta":{"desktop":{"background-color":"var(--ast-global-color-4)","background-image":"","background-repeat":"repeat","background-position":"center center","background-size":"auto","background-attachment":"scroll","background-type":"","background-media":"","overlay-type":"","overlay-color":"","overlay-opacity":"","overlay-gradient":""},"tablet":{"background-color":"","background-image":"","background-repeat":"repeat","background-position":"center center","background-size":"auto","background-attachment":"scroll","background-type":"","background-media":"","overlay-type":"","overlay-color":"","overlay-opacity":"","overlay-gradient":""},"mobile":{"background-color":"","background-image":"","background-repeat":"repeat","background-position":"center center","background-size":"auto","background-attachment":"scroll","background-type":"","background-media":"","overlay-type":"","overlay-color":"","overlay-opacity":"","overlay-gradient":""}},"ast-content-background-meta":{"desktop":{"background-color":"var(--ast-global-color-5)","background-image":"","background-repeat":"repeat","background-position":"center center","background-size":"auto","background-attachment":"scroll","background-type":"","background-media":"","overlay-type":"","overlay-color":"","overlay-opacity":"","overlay-gradient":""},"tablet":{"background-color":"var(--ast-global-color-5)","background-image":"","background-repeat":"repeat","background-position":"center center","background-size":"auto","background-attachment":"scroll","background-type":"","background-media":"","overlay-type":"","overlay-color":"","overlay-opacity":"","overlay-gradient":""},"mobile":{"background-color":"var(--ast-global-color-5)","background-image":"","background-repeat":"repeat","background-position":"center center","background-size":"auto","background-attachment":"scroll","background-type":"","background-media":"","overlay-type":"","overlay-color":"","overlay-opacity":"","overlay-gradient":""}},"footnotes":""},"class_list":["post-2977","page","type-page","status-publish","hentry"],"_links":{"self":[{"href":"https:\/\/potenciareducacionsuperior.edu.ar\/nwp\/wp-json\/wp\/v2\/pages\/2977","targetHints":{"allow":["GET"]}}],"collection":[{"href":"https:\/\/potenciareducacionsuperior.edu.ar\/nwp\/wp-json\/wp\/v2\/pages"}],"about":[{"href":"https:\/\/potenciareducacionsuperior.edu.ar\/nwp\/wp-json\/wp\/v2\/types\/page"}],"author":[{"embeddable":true,"href":"https:\/\/potenciareducacionsuperior.edu.ar\/nwp\/wp-json\/wp\/v2\/users\/3"}],"replies":[{"embeddable":true,"href":"https:\/\/potenciareducacionsuperior.edu.ar\/nwp\/wp-json\/wp\/v2\/comments?post=2977"}],"version-history":[{"count":34,"href":"https:\/\/potenciareducacionsuperior.edu.ar\/nwp\/wp-json\/wp\/v2\/pages\/2977\/revisions"}],"predecessor-version":[{"id":4312,"href":"https:\/\/potenciareducacionsuperior.edu.ar\/nwp\/wp-json\/wp\/v2\/pages\/2977\/revisions\/4312"}],"wp:attachment":[{"href":"https:\/\/potenciareducacionsuperior.edu.ar\/nwp\/wp-json\/wp\/v2\/media?parent=2977"}],"curies":[{"name":"wp","href":"https:\/\/api.w.org\/{rel}","templated":true}]}}