{"id":3002,"date":"2025-07-11T23:28:31","date_gmt":"2025-07-11T23:28:31","guid":{"rendered":"https:\/\/potenciareducacionsuperior.edu.ar\/nwp\/?page_id=3002"},"modified":"2026-05-07T15:06:27","modified_gmt":"2026-05-07T18:06:27","slug":"institucional","status":"publish","type":"page","link":"https:\/\/potenciareducacionsuperior.edu.ar\/nwp\/institucional\/","title":{"rendered":"Institucional"},"content":{"rendered":"\t\t<div data-elementor-type=\"wp-page\" data-elementor-id=\"3002\" class=\"elementor elementor-3002\">\n\t\t\t\t<div class=\"elementor-element elementor-element-dcfb448 e-flex e-con-boxed e-con e-parent\" data-id=\"dcfb448\" data-element_type=\"container\" data-e-type=\"container\" data-settings=\"{&quot;background_background&quot;:&quot;classic&quot;}\">\n\t\t\t\t\t<div class=\"e-con-inner\">\n\t\t<div class=\"elementor-element elementor-element-d21b7e0 e-flex e-con-boxed e-con e-child\" data-id=\"d21b7e0\" data-element_type=\"container\" data-e-type=\"container\">\n\t\t\t\t\t<div class=\"e-con-inner\">\n\t\t\t\t<div class=\"elementor-element elementor-element-e9fd9dc elementor-widget elementor-widget-heading\" data-id=\"e9fd9dc\" data-element_type=\"widget\" data-e-type=\"widget\" data-widget_type=\"heading.default\">\n\t\t\t\t<div class=\"elementor-widget-container\">\n\t\t\t\t\t<h2 class=\"elementor-heading-title elementor-size-default\">INSTITUCIONAL<\/h2>\t\t\t\t<\/div>\n\t\t\t\t<\/div>\n\t\t\t\t\t<\/div>\n\t\t\t\t<\/div>\n\t\t\t\t\t<\/div>\n\t\t\t\t<\/div>\n\t\t<div class=\"elementor-element elementor-element-f356c5d e-flex e-con-boxed e-con e-parent\" data-id=\"f356c5d\" data-element_type=\"container\" data-e-type=\"container\" data-settings=\"{&quot;background_background&quot;:&quot;classic&quot;,&quot;shape_divider_bottom&quot;:&quot;tilt&quot;}\">\n\t\t\t\t\t<div class=\"e-con-inner\">\n\t\t\t\t<div class=\"elementor-shape elementor-shape-bottom\" aria-hidden=\"true\" data-negative=\"false\">\n\t\t\t<svg xmlns=\"http:\/\/www.w3.org\/2000\/svg\" viewBox=\"0 0 1000 100\" preserveAspectRatio=\"none\">\n\t<path class=\"elementor-shape-fill\" d=\"M0,6V0h1000v100L0,6z\"\/>\n<\/svg>\t\t<\/div>\n\t\t\t\t<div class=\"elementor-element elementor-element-075d9f6 elementor-widget elementor-widget-heading\" data-id=\"075d9f6\" data-element_type=\"widget\" data-e-type=\"widget\" data-widget_type=\"heading.default\">\n\t\t\t\t<div class=\"elementor-widget-container\">\n\t\t\t\t\t<h2 class=\"elementor-heading-title elementor-size-default\">Con el respaldo de una Fundaci\u00f3n y el apoyo de las empresas<\/h2>\t\t\t\t<\/div>\n\t\t\t\t<\/div>\n\t\t\t\t<div class=\"elementor-element elementor-element-f19288e elementor-widget elementor-widget-text-editor\" data-id=\"f19288e\" data-element_type=\"widget\" data-e-type=\"widget\" data-widget_type=\"text-editor.default\">\n\t\t\t\t<div class=\"elementor-widget-container\">\n\t\t\t\t\t\t\t\t\t<p class=\"font_8\"><span class=\"color_29\">Una instituci\u00f3n creada por\u00a0<strong>Fundaci\u00f3n Potenciar<\/strong>\u00a0para impulsar el desarrollo de las personas a trav\u00e9s de la educaci\u00f3n. Un nexo para que las empresas apoyen la inclusi\u00f3n educativa, becando a j\u00f3venes en su formaci\u00f3n terciaria e impulsando la formaci\u00f3n de personal calificado para puestos de trabajo espec\u00edficos.<\/span><\/p><p>\u00a0<\/p><p class=\"font_8\"><span class=\"color_29\">Mediante su\u00a0<strong>\u00e1rea acad\u00e9mica<\/strong>, Potenciar Educaci\u00f3n Superior imparte tecnicaturas superiores con t\u00edtulos oficiales de validez nacional en las \u00e1reas que m\u00e1s demanda el mercado: t\u00e9cnica, administrativa y TIC. A los alumnos, adem\u00e1s, les ofrece planes de becas, bolsas de trabajo, pr\u00e1cticas profesionalizantes y pasant\u00edas en empresas.<\/span><\/p><p>\u00a0<\/p><p class=\"font_8\"><span class=\"color_29\">En forma paralela, a trav\u00e9s de su\u00a0<strong>\u00e1rea de extensi\u00f3n<\/strong>,\u00a0la instituci\u00f3n desarrolla capacitaciones, programas y cursos de especializaci\u00f3n que abarcan tem\u00e1ticas relacionadas con la industria, la tecnolog\u00eda, los negocios y el management. De esta manera, promueve el crecimiento profesional de personas y equipos de trabajo.<\/span><\/p>\t\t\t\t\t\t\t\t<\/div>\n\t\t\t\t<\/div>\n\t\t\t\t\t<\/div>\n\t\t\t\t<\/div>\n\t\t<div class=\"elementor-element elementor-element-d98ab4c e-flex e-con-boxed e-con e-parent\" data-id=\"d98ab4c\" data-element_type=\"container\" data-e-type=\"container\">\n\t\t\t\t\t<div class=\"e-con-inner\">\n\t\t\t\t<div class=\"elementor-element elementor-element-3a42281 elementor-widget elementor-widget-heading\" data-id=\"3a42281\" data-element_type=\"widget\" data-e-type=\"widget\" data-widget_type=\"heading.default\">\n\t\t\t\t<div class=\"elementor-widget-container\">\n\t\t\t\t\t<h2 class=\"elementor-heading-title elementor-size-default\">Potenciar Educaci\u00f3n Superior para la industria y el management<\/h2>\t\t\t\t<\/div>\n\t\t\t\t<\/div>\n\t\t\t\t\t<\/div>\n\t\t\t\t<\/div>\n\t\t<div class=\"elementor-element elementor-element-03005cb e-flex e-con-boxed e-con e-parent\" data-id=\"03005cb\" data-element_type=\"container\" data-e-type=\"container\">\n\t\t\t\t\t<div class=\"e-con-inner\">\n\t\t<div class=\"elementor-element elementor-element-def2755 e-con-full e-flex e-con e-child\" data-id=\"def2755\" data-element_type=\"container\" data-e-type=\"container\">\n\t\t\t\t<div class=\"elementor-element elementor-element-8859fc2 elementor-widget elementor-widget-heading\" data-id=\"8859fc2\" data-element_type=\"widget\" data-e-type=\"widget\" data-widget_type=\"heading.default\">\n\t\t\t\t<div class=\"elementor-widget-container\">\n\t\t\t\t\t<h2 class=\"elementor-heading-title elementor-size-default\">\u00bfPor qu\u00e9 elegirnos?<\/h2>\t\t\t\t<\/div>\n\t\t\t\t<\/div>\n\t\t\t\t<div class=\"elementor-element elementor-element-bd2d5c4 elementor-widget elementor-widget-text-editor\" data-id=\"bd2d5c4\" data-element_type=\"widget\" data-e-type=\"widget\" data-widget_type=\"text-editor.default\">\n\t\t\t\t<div class=\"elementor-widget-container\">\n\t\t\t\t\t\t\t\t\t<p class=\"font_8\"><span class=\"color_29\">Potenciar Educaci\u00f3n Superior es una Instituci\u00f3n que brinda propuestas educativas de formaci\u00f3n y especializaci\u00f3n profesional en tecnolog\u00eda y negocios para la industria en general.<\/span><\/p><p class=\"font_8\"><span class=\"color_29\"><span class=\"wixGuard\">\u200b<\/span><\/span><span class=\"color_29\">Potenciar nace con una profunda vinculaci\u00f3n con la actividad industrial y la energ\u00e9tica, y por ello su oferta acad\u00e9mica es concebida desde el conocimiento pr\u00e1ctico de la actividad y la comprensi\u00f3n de las demandas reales del sector.<\/span><\/p>\t\t\t\t\t\t\t\t<\/div>\n\t\t\t\t<\/div>\n\t\t\t\t<\/div>\n\t\t<div class=\"elementor-element elementor-element-5ef0a50 e-con-full e-flex e-con e-child\" data-id=\"5ef0a50\" data-element_type=\"container\" data-e-type=\"container\">\n\t\t\t\t<div class=\"elementor-element elementor-element-c2f3831 elementor-widget elementor-widget-video\" data-id=\"c2f3831\" data-element_type=\"widget\" data-e-type=\"widget\" data-settings=\"{&quot;youtube_url&quot;:&quot;https:\\\/\\\/www.youtube.com\\\/watch?v=5i7v5uhhnoI&quot;,&quot;video_type&quot;:&quot;youtube&quot;,&quot;controls&quot;:&quot;yes&quot;}\" data-widget_type=\"video.default\">\n\t\t\t\t<div class=\"elementor-widget-container\">\n\t\t\t\t\t\t\t<div class=\"elementor-wrapper elementor-open-inline\">\n\t\t\t<div class=\"elementor-video\"><\/div>\t\t<\/div>\n\t\t\t\t\t\t<\/div>\n\t\t\t\t<\/div>\n\t\t\t\t<\/div>\n\t\t\t\t\t<\/div>\n\t\t\t\t<\/div>\n\t\t<div class=\"elementor-element elementor-element-9d76812 e-flex e-con-boxed e-con e-parent\" data-id=\"9d76812\" data-element_type=\"container\" data-e-type=\"container\">\n\t\t\t\t\t<div class=\"e-con-inner\">\n\t\t<div class=\"elementor-element elementor-element-62ae860 e-con-full e-flex e-con e-child\" data-id=\"62ae860\" data-element_type=\"container\" data-e-type=\"container\">\n\t\t\t\t<div class=\"elementor-element elementor-element-a227eb7 elementor-widget elementor-widget-image\" data-id=\"a227eb7\" data-element_type=\"widget\" data-e-type=\"widget\" data-widget_type=\"image.default\">\n\t\t\t\t<div class=\"elementor-widget-container\">\n\t\t\t\t\t\t\t\t\t\t\t\t\t\t\t<img fetchpriority=\"high\" decoding=\"async\" width=\"1024\" height=\"683\" src=\"https:\/\/potenciareducacionsuperior.edu.ar\/nwp\/wp-content\/uploads\/2025\/07\/IMG_7106-1024x683.jpg\" class=\"elementor-animation-grow attachment-large size-large wp-image-3006\" alt=\"img 7106\" srcset=\"https:\/\/potenciareducacionsuperior.edu.ar\/nwp\/wp-content\/uploads\/2025\/07\/IMG_7106-1024x683.jpg 1024w, https:\/\/potenciareducacionsuperior.edu.ar\/nwp\/wp-content\/uploads\/2025\/07\/IMG_7106-300x200.jpg 300w, https:\/\/potenciareducacionsuperior.edu.ar\/nwp\/wp-content\/uploads\/2025\/07\/IMG_7106-768x512.jpg 768w, https:\/\/potenciareducacionsuperior.edu.ar\/nwp\/wp-content\/uploads\/2025\/07\/IMG_7106.jpg 1296w\" sizes=\"(max-width: 1024px) 100vw, 1024px\" title=\"Institucional\">\t\t\t\t\t\t\t\t\t\t\t\t\t\t\t<\/div>\n\t\t\t\t<\/div>\n\t\t\t\t<\/div>\n\t\t<div class=\"elementor-element elementor-element-c2b6c49 e-con-full e-flex e-con e-child\" data-id=\"c2b6c49\" data-element_type=\"container\" data-e-type=\"container\">\n\t\t\t\t<div class=\"elementor-element elementor-element-318bc00 elementor-widget elementor-widget-image\" data-id=\"318bc00\" data-element_type=\"widget\" data-e-type=\"widget\" data-widget_type=\"image.default\">\n\t\t\t\t<div class=\"elementor-widget-container\">\n\t\t\t\t\t\t\t\t\t\t\t\t\t\t\t<img decoding=\"async\" width=\"1024\" height=\"683\" src=\"https:\/\/potenciareducacionsuperior.edu.ar\/nwp\/wp-content\/uploads\/2025\/07\/IMG_4431-1024x683.jpg\" class=\"elementor-animation-grow attachment-large size-large wp-image-3007\" alt=\"img 4431\" srcset=\"https:\/\/potenciareducacionsuperior.edu.ar\/nwp\/wp-content\/uploads\/2025\/07\/IMG_4431-1024x683.jpg 1024w, https:\/\/potenciareducacionsuperior.edu.ar\/nwp\/wp-content\/uploads\/2025\/07\/IMG_4431-300x200.jpg 300w, https:\/\/potenciareducacionsuperior.edu.ar\/nwp\/wp-content\/uploads\/2025\/07\/IMG_4431-768x512.jpg 768w, https:\/\/potenciareducacionsuperior.edu.ar\/nwp\/wp-content\/uploads\/2025\/07\/IMG_4431-1536x1024.jpg 1536w, https:\/\/potenciareducacionsuperior.edu.ar\/nwp\/wp-content\/uploads\/2025\/07\/IMG_4431-2048x1365.jpg 2048w\" sizes=\"(max-width: 1024px) 100vw, 1024px\" title=\"Institucional\">\t\t\t\t\t\t\t\t\t\t\t\t\t\t\t<\/div>\n\t\t\t\t<\/div>\n\t\t\t\t<\/div>\n\t\t<div class=\"elementor-element elementor-element-577a3a8 e-con-full e-flex e-con e-child\" data-id=\"577a3a8\" data-element_type=\"container\" data-e-type=\"container\">\n\t\t\t\t<div class=\"elementor-element elementor-element-a4d28eb elementor-widget elementor-widget-image\" data-id=\"a4d28eb\" data-element_type=\"widget\" data-e-type=\"widget\" data-widget_type=\"image.default\">\n\t\t\t\t<div class=\"elementor-widget-container\">\n\t\t\t\t\t\t\t\t\t\t\t\t\t\t\t<img decoding=\"async\" width=\"1024\" height=\"683\" src=\"https:\/\/potenciareducacionsuperior.edu.ar\/nwp\/wp-content\/uploads\/2025\/07\/IMG_4395-1-1024x683.jpg\" class=\"elementor-animation-grow attachment-large size-large wp-image-3008\" alt=\"img 4395\" srcset=\"https:\/\/potenciareducacionsuperior.edu.ar\/nwp\/wp-content\/uploads\/2025\/07\/IMG_4395-1-1024x683.jpg 1024w, https:\/\/potenciareducacionsuperior.edu.ar\/nwp\/wp-content\/uploads\/2025\/07\/IMG_4395-1-300x200.jpg 300w, https:\/\/potenciareducacionsuperior.edu.ar\/nwp\/wp-content\/uploads\/2025\/07\/IMG_4395-1-768x512.jpg 768w, https:\/\/potenciareducacionsuperior.edu.ar\/nwp\/wp-content\/uploads\/2025\/07\/IMG_4395-1-1536x1024.jpg 1536w, https:\/\/potenciareducacionsuperior.edu.ar\/nwp\/wp-content\/uploads\/2025\/07\/IMG_4395-1-2048x1365.jpg 2048w\" sizes=\"(max-width: 1024px) 100vw, 1024px\" title=\"Institucional\">\t\t\t\t\t\t\t\t\t\t\t\t\t\t\t<\/div>\n\t\t\t\t<\/div>\n\t\t\t\t<\/div>\n\t\t\t\t\t<\/div>\n\t\t\t\t<\/div>\n\t\t<div class=\"elementor-element elementor-element-a86d296 e-flex e-con-boxed e-con e-parent\" data-id=\"a86d296\" data-element_type=\"container\" data-e-type=\"container\">\n\t\t\t\t\t<div class=\"e-con-inner\">\n\t\t\t\t<div class=\"elementor-element elementor-element-c3aeddb elementor-widget elementor-widget-text-editor\" data-id=\"c3aeddb\" data-element_type=\"widget\" data-e-type=\"widget\" data-widget_type=\"text-editor.default\">\n\t\t\t\t<div class=\"elementor-widget-container\">\n\t\t\t\t\t\t\t\t\t<p>Para ello, convoca a profesionales con una s\u00f3lida formaci\u00f3n acad\u00e9mica y destacada trayectoria profesional en sus \u00e1reas de conocimiento, a fin de que ejerzan una experimentada gu\u00eda en la educaci\u00f3n de nuestros alumnos.<\/p>\t\t\t\t\t\t\t\t<\/div>\n\t\t\t\t<\/div>\n\t\t\t\t\t<\/div>\n\t\t\t\t<\/div>\n\t\t<div class=\"elementor-element elementor-element-f195544 e-flex e-con-boxed e-con e-parent\" data-id=\"f195544\" data-element_type=\"container\" data-e-type=\"container\" data-settings=\"{&quot;background_background&quot;:&quot;classic&quot;,&quot;shape_divider_top&quot;:&quot;tilt&quot;}\">\n\t\t\t\t\t<div class=\"e-con-inner\">\n\t\t\t\t<div class=\"elementor-shape elementor-shape-top\" aria-hidden=\"true\" data-negative=\"false\">\n\t\t\t<svg xmlns=\"http:\/\/www.w3.org\/2000\/svg\" viewBox=\"0 0 1000 100\" preserveAspectRatio=\"none\">\n\t<path class=\"elementor-shape-fill\" d=\"M0,6V0h1000v100L0,6z\"\/>\n<\/svg>\t\t<\/div>\n\t\t<div class=\"elementor-element elementor-element-94223b7 e-con-full e-flex e-con e-child\" data-id=\"94223b7\" data-element_type=\"container\" data-e-type=\"container\" data-settings=\"{&quot;background_background&quot;:&quot;classic&quot;}\">\n\t\t\t\t<div class=\"elementor-element elementor-element-62845d6 elementor-position-top elementor-widget elementor-widget-image-box\" data-id=\"62845d6\" data-element_type=\"widget\" data-e-type=\"widget\" data-widget_type=\"image-box.default\">\n\t\t\t\t<div class=\"elementor-widget-container\">\n\t\t\t\t\t<div class=\"elementor-image-box-wrapper\"><figure class=\"elementor-image-box-img\"><img loading=\"lazy\" decoding=\"async\" width=\"150\" height=\"150\" src=\"https:\/\/potenciareducacionsuperior.edu.ar\/nwp\/wp-content\/uploads\/2025\/07\/mision-1.png\" class=\"elementor-animation-grow attachment-full size-full wp-image-2193\" alt=\"mision\" title=\"Institucional\"><\/figure><div class=\"elementor-image-box-content\"><h3 class=\"elementor-image-box-title\">NUESTRA MISI\u00d3N<\/h3><p class=\"elementor-image-box-description\">Contribuir al desarrollo de las personas acompa\u00f1\u00e1ndolas en su formaci\u00f3n, capacitaci\u00f3n y especializaci\u00f3n, todo ello con un alto grado de compromiso social y respeto por el medio ambiente.<\/p><\/div><\/div>\t\t\t\t<\/div>\n\t\t\t\t<\/div>\n\t\t\t\t<\/div>\n\t\t<div class=\"elementor-element elementor-element-68dfd82 e-con-full e-flex e-con e-child\" data-id=\"68dfd82\" data-element_type=\"container\" data-e-type=\"container\" data-settings=\"{&quot;background_background&quot;:&quot;classic&quot;}\">\n\t\t\t\t<div class=\"elementor-element elementor-element-f14b48e elementor-position-top elementor-widget elementor-widget-image-box\" data-id=\"f14b48e\" data-element_type=\"widget\" data-e-type=\"widget\" data-widget_type=\"image-box.default\">\n\t\t\t\t<div class=\"elementor-widget-container\">\n\t\t\t\t\t<div class=\"elementor-image-box-wrapper\"><figure class=\"elementor-image-box-img\"><img loading=\"lazy\" decoding=\"async\" width=\"150\" height=\"150\" src=\"https:\/\/potenciareducacionsuperior.edu.ar\/nwp\/wp-content\/uploads\/2025\/07\/vision.png\" class=\"elementor-animation-grow attachment-full size-full wp-image-2192\" alt=\"vision\" title=\"Institucional\"><\/figure><div class=\"elementor-image-box-content\"><h3 class=\"elementor-image-box-title\">NUESTRA VISI\u00d3N<\/h3><p class=\"elementor-image-box-description\">Ser una instituci\u00f3n l\u00edder en el campo de la educaci\u00f3n, con una s\u00f3lida vinculaci\u00f3n tecnol\u00f3gica con el saber profesional y comprometidos con la comunidad promoviendo el desarrollo de las personas.<\/p><\/div><\/div>\t\t\t\t<\/div>\n\t\t\t\t<\/div>\n\t\t\t\t<\/div>\n\t\t<div class=\"elementor-element elementor-element-39bc4b8 e-con-full e-flex e-con e-child\" data-id=\"39bc4b8\" data-element_type=\"container\" data-e-type=\"container\" data-settings=\"{&quot;background_background&quot;:&quot;classic&quot;}\">\n\t\t\t\t<div class=\"elementor-element elementor-element-1be3d8f elementor-position-top elementor-widget elementor-widget-image-box\" data-id=\"1be3d8f\" data-element_type=\"widget\" data-e-type=\"widget\" data-widget_type=\"image-box.default\">\n\t\t\t\t<div class=\"elementor-widget-container\">\n\t\t\t\t\t<div class=\"elementor-image-box-wrapper\"><figure class=\"elementor-image-box-img\"><img loading=\"lazy\" decoding=\"async\" width=\"150\" height=\"150\" src=\"https:\/\/potenciareducacionsuperior.edu.ar\/nwp\/wp-content\/uploads\/2025\/07\/valores-1.png\" class=\"elementor-animation-grow attachment-full size-full wp-image-2194\" alt=\"valores\" title=\"Institucional\"><\/figure><div class=\"elementor-image-box-content\"><h3 class=\"elementor-image-box-title\">NUESTROS VALORES<\/h3><p class=\"elementor-image-box-description\">Compromiso, calidad, responsabilidad, integridad, excelencia, respeto, honestidad, humildad y confianza.<\/p><\/div><\/div>\t\t\t\t<\/div>\n\t\t\t\t<\/div>\n\t\t\t\t<\/div>\n\t\t\t\t\t<\/div>\n\t\t\t\t<\/div>\n\t\t\t\t<\/div>\n\t\t","protected":false},"excerpt":{"rendered":"<p>INSTITUCIONAL Con el respaldo de una Fundaci\u00f3n y el apoyo de las empresas Una instituci\u00f3n creada por\u00a0Fundaci\u00f3n Potenciar\u00a0para impulsar el desarrollo de las personas a trav\u00e9s de la educaci\u00f3n. Un nexo para que las empresas apoyen la inclusi\u00f3n educativa, becando a j\u00f3venes en su formaci\u00f3n terciaria e impulsando la formaci\u00f3n de personal calificado para puestos [&hellip;]<\/p>\n","protected":false},"author":3,"featured_media":0,"parent":0,"menu_order":0,"comment_status":"closed","ping_status":"closed","template":"","meta":{"site-sidebar-layout":"no-sidebar","site-content-layout":"page-builder","ast-site-content-layout":"default","site-content-style":"default","site-sidebar-style":"default","ast-global-header-display":"","ast-banner-title-visibility":"","ast-main-header-display":"","ast-hfb-above-header-display":"","ast-hfb-below-header-display":"","ast-hfb-mobile-header-display":"","site-post-title":"disabled","ast-breadcrumbs-content":"","ast-featured-img":"disabled","footer-sml-layout":"","ast-disable-related-posts":"","theme-transparent-header-meta":"enabled","adv-header-id-meta":"","stick-header-meta":"","header-above-stick-meta":"","header-main-stick-meta":"","header-below-stick-meta":"","astra-migrate-meta-layouts":"default","ast-page-background-enabled":"default","ast-page-background-meta":{"desktop":{"background-color":"var(--ast-global-color-4)","background-image":"","background-repeat":"repeat","background-position":"center center","background-size":"auto","background-attachment":"scroll","background-type":"","background-media":"","overlay-type":"","overlay-color":"","overlay-opacity":"","overlay-gradient":""},"tablet":{"background-color":"","background-image":"","background-repeat":"repeat","background-position":"center center","background-size":"auto","background-attachment":"scroll","background-type":"","background-media":"","overlay-type":"","overlay-color":"","overlay-opacity":"","overlay-gradient":""},"mobile":{"background-color":"","background-image":"","background-repeat":"repeat","background-position":"center center","background-size":"auto","background-attachment":"scroll","background-type":"","background-media":"","overlay-type":"","overlay-color":"","overlay-opacity":"","overlay-gradient":""}},"ast-content-background-meta":{"desktop":{"background-color":"var(--ast-global-color-5)","background-image":"","background-repeat":"repeat","background-position":"center center","background-size":"auto","background-attachment":"scroll","background-type":"","background-media":"","overlay-type":"","overlay-color":"","overlay-opacity":"","overlay-gradient":""},"tablet":{"background-color":"var(--ast-global-color-5)","background-image":"","background-repeat":"repeat","background-position":"center center","background-size":"auto","background-attachment":"scroll","background-type":"","background-media":"","overlay-type":"","overlay-color":"","overlay-opacity":"","overlay-gradient":""},"mobile":{"background-color":"var(--ast-global-color-5)","background-image":"","background-repeat":"repeat","background-position":"center center","background-size":"auto","background-attachment":"scroll","background-type":"","background-media":"","overlay-type":"","overlay-color":"","overlay-opacity":"","overlay-gradient":""}},"footnotes":""},"class_list":["post-3002","page","type-page","status-publish","hentry"],"_links":{"self":[{"href":"https:\/\/potenciareducacionsuperior.edu.ar\/nwp\/wp-json\/wp\/v2\/pages\/3002","targetHints":{"allow":["GET"]}}],"collection":[{"href":"https:\/\/potenciareducacionsuperior.edu.ar\/nwp\/wp-json\/wp\/v2\/pages"}],"about":[{"href":"https:\/\/potenciareducacionsuperior.edu.ar\/nwp\/wp-json\/wp\/v2\/types\/page"}],"author":[{"embeddable":true,"href":"https:\/\/potenciareducacionsuperior.edu.ar\/nwp\/wp-json\/wp\/v2\/users\/3"}],"replies":[{"embeddable":true,"href":"https:\/\/potenciareducacionsuperior.edu.ar\/nwp\/wp-json\/wp\/v2\/comments?post=3002"}],"version-history":[{"count":61,"href":"https:\/\/potenciareducacionsuperior.edu.ar\/nwp\/wp-json\/wp\/v2\/pages\/3002\/revisions"}],"predecessor-version":[{"id":4797,"href":"https:\/\/potenciareducacionsuperior.edu.ar\/nwp\/wp-json\/wp\/v2\/pages\/3002\/revisions\/4797"}],"wp:attachment":[{"href":"https:\/\/potenciareducacionsuperior.edu.ar\/nwp\/wp-json\/wp\/v2\/media?parent=3002"}],"curies":[{"name":"wp","href":"https:\/\/api.w.org\/{rel}","templated":true}]}}